{"id":3898,"date":"2025-05-19T11:27:07","date_gmt":"2025-05-19T11:27:07","guid":{"rendered":"https:\/\/castellonconventionbureau.org\/?page_id=3898"},"modified":"2025-10-31T17:32:48","modified_gmt":"2025-10-31T17:32:48","slug":"incentivos","status":"publish","type":"page","link":"https:\/\/castellonconventionbureau.org\/en\/incentivos\/","title":{"rendered":"Incentives"},"content":{"rendered":"\t\t<div data-elementor-type=\"wp-page\" data-elementor-id=\"3898\" class=\"elementor elementor-3898\" data-elementor-post-type=\"page\">\n\t\t\t\t<div data-dce-background-image-url=\"https:\/\/castellonconventionbureau.org\/wp-content\/uploads\/2025\/05\/ESTUDIOGAMA22-07-08-1000-scaled.jpg\" class=\"elementor-element elementor-element-44b0402 e-flex e-con-boxed e-con e-parent\" data-id=\"44b0402\" data-element_type=\"container\" data-e-type=\"container\" data-settings=\"{&quot;background_background&quot;:&quot;classic&quot;}\">\n\t\t\t\t\t<div class=\"e-con-inner\">\n\t\t\t\t\t<\/div>\n\t\t\t\t<\/div>\n\t\t<div data-dce-background-color=\"#000000\" class=\"elementor-element elementor-element-8da00dc e-flex e-con-boxed e-con e-parent\" data-id=\"8da00dc\" data-element_type=\"container\" data-e-type=\"container\" data-settings=\"{&quot;background_background&quot;:&quot;classic&quot;}\">\n\t\t\t\t\t<div class=\"e-con-inner\">\n\t\t\t\t<div class=\"elementor-element elementor-element-785cd8a elementor-hidden-mobile animatetext-trigger-animation elementor-widget elementor-widget-dyncontel-animateText\" data-id=\"785cd8a\" data-element_type=\"widget\" data-e-type=\"widget\" data-settings=\"{&quot;words&quot;:[{&quot;text_word&quot;:&quot;Castell\\u00f3n Convention Bureau (CCB)&quot;,&quot;_id&quot;:&quot;f28c316&quot;,&quot;color_item&quot;:&quot;#FFFFFF&quot;,&quot;typography_item_typography&quot;:&quot;custom&quot;,&quot;typography_item_font_family&quot;:&quot;Exo 2&quot;,&quot;typography_item_font_size&quot;:{&quot;unit&quot;:&quot;px&quot;,&quot;size&quot;:71,&quot;sizes&quot;:[]},&quot;typography_item_text_transform&quot;:&quot;uppercase&quot;,&quot;typography_item_letter_spacing&quot;:{&quot;unit&quot;:&quot;px&quot;,&quot;size&quot;:1,&quot;sizes&quot;:[]},&quot;typography_item_font_weight&quot;:&quot;&quot;,&quot;typography_item_font_style&quot;:&quot;&quot;,&quot;typography_item_text_decoration&quot;:&quot;&quot;,&quot;typography_item_line_height&quot;:{&quot;unit&quot;:&quot;px&quot;,&quot;size&quot;:&quot;&quot;,&quot;sizes&quot;:[]},&quot;typography_item_word_spacing&quot;:{&quot;unit&quot;:&quot;px&quot;,&quot;size&quot;:&quot;&quot;,&quot;sizes&quot;:[]}}],&quot;animatetext_animationstyle_in&quot;:&quot;zoom_front&quot;,&quot;speed_animation_in&quot;:{&quot;unit&quot;:&quot;px&quot;,&quot;size&quot;:0.9,&quot;sizes&quot;:[]},&quot;amount_speed_in&quot;:{&quot;unit&quot;:&quot;px&quot;,&quot;size&quot;:25,&quot;sizes&quot;:[]},&quot;animatetext_animationstyle_out&quot;:&quot;zoom_front&quot;,&quot;speed_animation_out&quot;:{&quot;unit&quot;:&quot;px&quot;,&quot;size&quot;:2,&quot;sizes&quot;:[]},&quot;delay_animation_out&quot;:{&quot;unit&quot;:&quot;px&quot;,&quot;size&quot;:4.3,&quot;sizes&quot;:[]},&quot;animatetext_splittype&quot;:&quot;chars&quot;,&quot;animatetext_trigger&quot;:&quot;animation&quot;,&quot;animatetext_repeat&quot;:-1,&quot;animatetext_splitorigin_in&quot;:&quot;null&quot;,&quot;delay_animation_in&quot;:{&quot;unit&quot;:&quot;px&quot;,&quot;size&quot;:0,&quot;sizes&quot;:[]},&quot;animFrom_easing_in&quot;:&quot;easeInOut&quot;,&quot;animFrom_easing_ease_in&quot;:&quot;Power3&quot;,&quot;animatetext_splitorigin_out&quot;:&quot;null&quot;,&quot;amount_speed_out&quot;:{&quot;unit&quot;:&quot;px&quot;,&quot;size&quot;:1,&quot;sizes&quot;:[]},&quot;animFrom_easing_out&quot;:&quot;easeInOut&quot;,&quot;animFrom_easing_ease_out&quot;:&quot;Power3&quot;}\" data-widget_type=\"dyncontel-animateText.default\">\n\t\t\t\t<div class=\"elementor-widget-container\">\n\t\t\t\t\t<div class=\"dce-animated-text dce-animated-text-zoom_front\"><\/div><div style=\"display: none;\"><div class=\"dce-animated-text-item dce-animated-text-item-0 dce-animated-text-zoom_front\">Castell\u00f3n Convention Bureau (CCB)<\/div><\/div>\t\t\t\t<\/div>\n\t\t\t\t<\/div>\n\t\t\t\t<div data-dce-title-color=\"#FFFFFF\" class=\"elementor-element elementor-element-3a81328 elementor-widget elementor-widget-heading\" data-id=\"3a81328\" data-element_type=\"widget\" data-e-type=\"widget\" data-settings=\"{&quot;enabled_reveal&quot;:&quot;yes&quot;,&quot;reveal_direction&quot;:&quot;lr&quot;,&quot;reveal_speed&quot;:{&quot;unit&quot;:&quot;px&quot;,&quot;size&quot;:10,&quot;sizes&quot;:[]},&quot;reveal_delay&quot;:{&quot;unit&quot;:&quot;px&quot;,&quot;size&quot;:4.2,&quot;sizes&quot;:[]},&quot;reveal_bgcolor&quot;:&quot;#F57B0A&quot;}\" data-widget_type=\"heading.default\">\n\t\t\t\t<div class=\"elementor-widget-container\">\n\t\t\t\t\t<div id=\"reveal-3a81328\" class=\"revealFx\"><h2 class=\"elementor-heading-title elementor-size-default\">Vive experiencias transformadoras que impulsan la motivaci\u00f3n, la cohesi\u00f3n y el bienestar.<\/h2><\/div>\t\t\t\t<\/div>\n\t\t\t\t<\/div>\n\t\t\t\t\t<\/div>\n\t\t\t\t<\/div>\n\t\t<div data-dce-background-color=\"#000000\" class=\"elementor-element elementor-element-57652a3 e-con-full e-flex e-con e-parent\" data-id=\"57652a3\" data-element_type=\"container\" data-e-type=\"container\" data-settings=\"{&quot;background_background&quot;:&quot;classic&quot;}\">\n\t\t\t\t<div class=\"elementor-element elementor-element-456495a dce_masking-none elementor-widget elementor-widget-video\" data-id=\"456495a\" data-element_type=\"widget\" data-e-type=\"widget\" data-settings=\"{&quot;video_type&quot;:&quot;hosted&quot;,&quot;autoplay&quot;:&quot;yes&quot;,&quot;mute&quot;:&quot;yes&quot;,&quot;loop&quot;:&quot;yes&quot;,&quot;play_on_mobile&quot;:&quot;yes&quot;}\" data-widget_type=\"video.default\">\n\t\t\t\t<div class=\"elementor-widget-container\">\n\t\t\t\t\t\t\t<div class=\"e-hosted-video elementor-wrapper elementor-open-inline\">\n\t\t\t\t\t<video class=\"elementor-video\" src=\"https:\/\/castellonconventionbureau.org\/wp-content\/uploads\/2025\/05\/experiencias-Turismo-Castellon-2020-Experiencias-OK.mp4\" autoplay=\"\" loop=\"\" muted=\"muted\" playsinline=\"\" controlsList=\"nodownload\" poster=\"https:\/\/castellonconventionbureau.org\/wp-content\/uploads\/2024\/10\/Auditorio_y_Palacio_de_Congresos_de_Castellon_17.jpg.webp\"><\/video>\n\t\t\t\t<\/div>\n\t\t\t\t\t\t<\/div>\n\t\t\t\t<\/div>\n\t\t\t\t<\/div>\n\t\t<div data-dce-background-color=\"#000000\" class=\"elementor-element elementor-element-28a00d6 animated-slow e-flex e-con-boxed elementor-invisible e-con e-child\" data-id=\"28a00d6\" data-element_type=\"container\" data-e-type=\"container\" data-settings=\"{&quot;background_background&quot;:&quot;classic&quot;,&quot;animation&quot;:&quot;fadeIn&quot;,&quot;animation_delay&quot;:900}\">\n\t\t\t\t\t<div class=\"e-con-inner\">\n\t\t<div data-dce-background-color=\"#F57B0A00\" class=\"elementor-element elementor-element-7f4a9de e-con-full animated-slow e-flex elementor-invisible e-con e-child\" data-id=\"7f4a9de\" data-element_type=\"container\" data-e-type=\"container\" data-settings=\"{&quot;background_background&quot;:&quot;classic&quot;,&quot;animation&quot;:&quot;fadeIn&quot;,&quot;animation_delay&quot;:900}\">\n\t\t\t\t<div data-dce-title-color=\"#FFFFFF\" class=\"elementor-element elementor-element-dece72b elementor-widget elementor-widget-heading\" data-id=\"dece72b\" data-element_type=\"widget\" data-e-type=\"widget\" data-settings=\"{&quot;enabled_reveal&quot;:&quot;yes&quot;,&quot;reveal_direction&quot;:&quot;lr&quot;,&quot;reveal_speed&quot;:{&quot;unit&quot;:&quot;px&quot;,&quot;size&quot;:10,&quot;sizes&quot;:[]},&quot;reveal_delay&quot;:{&quot;unit&quot;:&quot;px&quot;,&quot;size&quot;:4.2,&quot;sizes&quot;:[]},&quot;reveal_bgcolor&quot;:&quot;#F57B0A&quot;}\" data-widget_type=\"heading.default\">\n\t\t\t\t<div class=\"elementor-widget-container\">\n\t\t\t\t\t<div id=\"reveal-dece72b\" class=\"revealFx\"><h2 class=\"elementor-heading-title elementor-size-default\">nuestra recomendacion ccb<\/h2><\/div>\t\t\t\t<\/div>\n\t\t\t\t<\/div>\n\t\t\t\t<\/div>\n\t\t<div data-dce-background-color=\"#F57B0A00\" class=\"elementor-element elementor-element-e09f6f3 e-con-full animated-slow e-flex elementor-invisible e-con e-child\" data-id=\"e09f6f3\" data-element_type=\"container\" data-e-type=\"container\" data-settings=\"{&quot;background_background&quot;:&quot;classic&quot;,&quot;animation&quot;:&quot;fadeIn&quot;,&quot;animation_delay&quot;:900}\">\n\t\t<div data-dce-background-color=\"#EB740600\" class=\"elementor-element elementor-element-227af3c e-con-full animated-slow e-flex elementor-invisible e-con e-child\" data-id=\"227af3c\" data-element_type=\"container\" data-e-type=\"container\" data-settings=\"{&quot;background_background&quot;:&quot;classic&quot;,&quot;animation&quot;:&quot;fadeInLeft&quot;}\">\n\t\t\t\t<div data-dce-title-color=\"#FFFFFFFC\" class=\"elementor-element elementor-element-8724ae8 elementor-widget elementor-widget-heading\" data-id=\"8724ae8\" data-element_type=\"widget\" data-e-type=\"widget\" data-settings=\"{&quot;enabled_reveal&quot;:&quot;yes&quot;,&quot;reveal_direction&quot;:&quot;lr&quot;,&quot;reveal_speed&quot;:{&quot;unit&quot;:&quot;px&quot;,&quot;size&quot;:15,&quot;sizes&quot;:[]},&quot;reveal_delay&quot;:{&quot;unit&quot;:&quot;px&quot;,&quot;size&quot;:2,&quot;sizes&quot;:[]},&quot;reveal_bgcolor&quot;:&quot;#000000&quot;}\" data-widget_type=\"heading.default\">\n\t\t\t\t<div class=\"elementor-widget-container\">\n\t\t\t\t\t<div id=\"reveal-8724ae8\" class=\"revealFx\"><h2 class=\"elementor-heading-title elementor-size-default\">Aventura en las playas<\/h2><\/div>\t\t\t\t<\/div>\n\t\t\t\t<\/div>\n\t\t\t\t<div data-dce-text-color=\"#FFFFFF\" class=\"elementor-element elementor-element-cc96e7a elementor-widget elementor-widget-text-editor\" data-id=\"cc96e7a\" data-element_type=\"widget\" data-e-type=\"widget\" data-settings=\"{&quot;enabled_reveal&quot;:&quot;yes&quot;,&quot;reveal_direction&quot;:&quot;lr&quot;,&quot;reveal_speed&quot;:{&quot;unit&quot;:&quot;px&quot;,&quot;size&quot;:7.3,&quot;sizes&quot;:[]},&quot;reveal_delay&quot;:{&quot;unit&quot;:&quot;px&quot;,&quot;size&quot;:11.6,&quot;sizes&quot;:[]},&quot;reveal_bgcolor&quot;:&quot;#000000&quot;}\" data-widget_type=\"text-editor.default\">\n\t\t\t\t<div class=\"elementor-widget-container\">\n\t\t\t\t\t<div id=\"reveal-cc96e7a\" class=\"revealFx\">\t\t\t\t<p class=\"Standard\" style=\"text-align: justify; text-justify: inter-ideograph;\">Con tres playas de aguas limpias, excelentes servicios y muy cerca de la ciudad, ofrece un entorno ideal para disfrutar casi todo el a\u00f1o de deportes como kitesurf, windsurf, vela, surf o kayak. Perfecto para los amantes de la aventura y el mar.<\/p>\t\t\t\t<\/div>\t\t\t\t<\/div>\n\t\t\t\t<\/div>\n\t\t\t\t<\/div>\n\t\t<div data-dce-background-color=\"#F57B0A\" class=\"elementor-element elementor-element-e2e980b e-con-full animated-slow e-flex elementor-invisible e-con e-child\" data-id=\"e2e980b\" data-element_type=\"container\" data-e-type=\"container\" data-settings=\"{&quot;background_background&quot;:&quot;classic&quot;,&quot;animation&quot;:&quot;fadeInUp&quot;,&quot;animation_delay&quot;:1400}\">\n\t\t\t\t<div data-dce-title-color=\"#FFFFFF\" class=\"elementor-element elementor-element-42d284d elementor-widget__width-initial elementor-widget elementor-widget-heading\" data-id=\"42d284d\" data-element_type=\"widget\" data-e-type=\"widget\" data-widget_type=\"heading.default\">\n\t\t\t\t<div class=\"elementor-widget-container\">\n\t\t\t\t\t<h2 class=\"elementor-heading-title elementor-size-default\">Descubre las ISLAS COLUMBRETES<\/h2>\t\t\t\t<\/div>\n\t\t\t\t<\/div>\n\t\t\t\t<div data-dce-text-color=\"#FFFFFF\" class=\"elementor-element elementor-element-86ae384 elementor-widget elementor-widget-text-editor\" data-id=\"86ae384\" data-element_type=\"widget\" data-e-type=\"widget\" data-settings=\"{&quot;enabled_reveal&quot;:&quot;yes&quot;,&quot;reveal_direction&quot;:&quot;lr&quot;,&quot;reveal_speed&quot;:{&quot;unit&quot;:&quot;px&quot;,&quot;size&quot;:7.3,&quot;sizes&quot;:[]},&quot;reveal_delay&quot;:{&quot;unit&quot;:&quot;px&quot;,&quot;size&quot;:11.6,&quot;sizes&quot;:[]},&quot;reveal_bgcolor&quot;:&quot;#F57B0A&quot;}\" data-widget_type=\"text-editor.default\">\n\t\t\t\t<div class=\"elementor-widget-container\">\n\t\t\t\t\t<div id=\"reveal-86ae384\" class=\"revealFx\">\t\t\t\t<p>A 30 millas de la costa de Castell\u00f3n, este conjunto de islotes volc\u00e1nicos destaca por su alto valor ecol\u00f3gico. Divididas en cuatro grupos, reciben nombre de sus principales islas: L\u2019Illa Grossa (\u00fanica habitada por guardas de Medio Ambiente), La Ferrera, La Foradada y El Carallot.<\/p>\t\t\t\t<\/div>\t\t\t\t<\/div>\n\t\t\t\t<\/div>\n\t\t\t\t<\/div>\n\t\t\t\t<\/div>\n\t\t\t\t\t<\/div>\n\t\t\t\t<\/div>\n\t\t<div data-dce-background-color=\"#000000\" class=\"elementor-element elementor-element-ae40c8c e-flex e-con-boxed e-con e-parent\" data-id=\"ae40c8c\" data-element_type=\"container\" data-e-type=\"container\" data-settings=\"{&quot;background_background&quot;:&quot;classic&quot;}\">\n\t\t\t\t\t<div class=\"e-con-inner\">\n\t\t\t\t<div class=\"elementor-element elementor-element-3c3547c elementor-widget elementor-widget-dce-iframe\" data-id=\"3c3547c\" data-element_type=\"widget\" data-e-type=\"widget\" data-widget_type=\"dce-iframe.default\">\n\t\t\t\t<div class=\"elementor-widget-container\">\n\t\t\t\t\t\t\t<iframe data-src=\"https:\/\/reservas.castellonturismo.com\/es\/inicio.html\" frameborder=\"0\" width=\"100%\" height=\"100\" allowfullscreen=\"true\" src=\"data:image\/gif;base64,R0lGODlhAQABAAAAACH5BAEKAAEALAAAAAABAAEAAAICTAEAOw==\" class=\"lazyload\" data-load-mode=\"1\"><\/iframe>\n\t\t\t\t\t\t<\/div>\n\t\t\t\t<\/div>\n\t\t\t\t\t<\/div>\n\t\t\t\t<\/div>\n\t\t\t\t<\/div>\n\t\t","protected":false},"excerpt":{"rendered":"<p>Castell\u00f3n Convention Bureau (CCB) Vive experiencias transformadoras que impulsan la motivaci\u00f3n, la cohesi\u00f3n y el bienestar. https:\/\/castellonconventionbureau.org\/wp-content\/uploads\/2025\/05\/experiencias-Turismo-Castellon-2020-Experiencias-OK.mp4 nuestra recomendacion ccb Aventura en las playas Con tres playas de aguas limpias, excelentes servicios y muy cerca de la ciudad, ofrece un entorno ideal para disfrutar casi todo el a\u00f1o de deportes como kitesurf, windsurf, vela, surf [&hellip;]<\/p>\n","protected":false},"author":1,"featured_media":0,"parent":0,"menu_order":0,"comment_status":"closed","ping_status":"closed","template":"elementor_theme","meta":{"_acf_changed":false,"footnotes":""},"class_list":["post-3898","page","type-page","status-publish","hentry"],"acf":[],"yoast_head":"<!-- This site is optimized with the Yoast SEO plugin v27.5 - https:\/\/yoast.com\/product\/yoast-seo-wordpress\/ -->\n<title>Incentivos - castellonconventionbureau.org<\/title>\n<meta name=\"robots\" content=\"index, follow, max-snippet:-1, max-image-preview:large, max-video-preview:-1\" \/>\n<link rel=\"canonical\" href=\"https:\/\/castellonconventionbureau.org\/en\/incentivos\/\" \/>\n<meta property=\"og:locale\" content=\"en_GB\" \/>\n<meta property=\"og:type\" content=\"article\" \/>\n<meta property=\"og:title\" content=\"Incentivos - castellonconventionbureau.org\" \/>\n<meta property=\"og:description\" content=\"Castell\u00f3n Convention Bureau (CCB) Vive experiencias transformadoras que impulsan la motivaci\u00f3n, la cohesi\u00f3n y el bienestar. https:\/\/castellonconventionbureau.org\/wp-content\/uploads\/2025\/05\/experiencias-Turismo-Castellon-2020-Experiencias-OK.mp4 nuestra recomendacion ccb Aventura en las playas Con tres playas de aguas limpias, excelentes servicios y muy cerca de la ciudad, ofrece un entorno ideal para disfrutar casi todo el a\u00f1o de deportes como kitesurf, windsurf, vela, surf [&hellip;]\" \/>\n<meta property=\"og:url\" content=\"https:\/\/castellonconventionbureau.org\/en\/incentivos\/\" \/>\n<meta property=\"og:site_name\" content=\"castellonconventionbureau.org\" \/>\n<meta property=\"article:publisher\" content=\"https:\/\/www.facebook.com\/turismo.castellon\" \/>\n<meta property=\"article:modified_time\" content=\"2025-10-31T17:32:48+00:00\" \/>\n<meta name=\"twitter:card\" content=\"summary_large_image\" \/>\n<meta name=\"twitter:label1\" content=\"Estimated reading time\" \/>\n\t<meta name=\"twitter:data1\" content=\"1 minute\" \/>\n<script type=\"application\/ld+json\" class=\"yoast-schema-graph\">{\"@context\":\"https:\\\/\\\/schema.org\",\"@graph\":[{\"@type\":\"WebPage\",\"@id\":\"https:\\\/\\\/castellonconventionbureau.org\\\/incentivos\\\/\",\"url\":\"https:\\\/\\\/castellonconventionbureau.org\\\/incentivos\\\/\",\"name\":\"Incentivos - castellonconventionbureau.org\",\"isPartOf\":{\"@id\":\"https:\\\/\\\/castellonconventionbureau.org\\\/fr\\\/#website\"},\"datePublished\":\"2025-05-19T11:27:07+00:00\",\"dateModified\":\"2025-10-31T17:32:48+00:00\",\"breadcrumb\":{\"@id\":\"https:\\\/\\\/castellonconventionbureau.org\\\/incentivos\\\/#breadcrumb\"},\"inLanguage\":\"en-GB\",\"potentialAction\":[{\"@type\":\"ReadAction\",\"target\":[\"https:\\\/\\\/castellonconventionbureau.org\\\/incentivos\\\/\"]}]},{\"@type\":\"BreadcrumbList\",\"@id\":\"https:\\\/\\\/castellonconventionbureau.org\\\/incentivos\\\/#breadcrumb\",\"itemListElement\":[{\"@type\":\"ListItem\",\"position\":1,\"name\":\"Portada\",\"item\":\"https:\\\/\\\/castellonconventionbureau.org\\\/\"},{\"@type\":\"ListItem\",\"position\":2,\"name\":\"Incentivos\"}]},{\"@type\":\"WebSite\",\"@id\":\"https:\\\/\\\/castellonconventionbureau.org\\\/fr\\\/#website\",\"url\":\"https:\\\/\\\/castellonconventionbureau.org\\\/fr\\\/\",\"name\":\"castellonconventionbureau.org\",\"description\":\"Descubre Castell\u00f3n de la Plana, el destino perfecto para convenciones y eventos corporativos\",\"publisher\":{\"@id\":\"https:\\\/\\\/castellonconventionbureau.org\\\/fr\\\/#organization\"},\"potentialAction\":[{\"@type\":\"SearchAction\",\"target\":{\"@type\":\"EntryPoint\",\"urlTemplate\":\"https:\\\/\\\/castellonconventionbureau.org\\\/fr\\\/?s={search_term_string}\"},\"query-input\":{\"@type\":\"PropertyValueSpecification\",\"valueRequired\":true,\"valueName\":\"search_term_string\"}}],\"inLanguage\":\"en-GB\"},{\"@type\":\"Organization\",\"@id\":\"https:\\\/\\\/castellonconventionbureau.org\\\/fr\\\/#organization\",\"name\":\"castellonconventionbureau.org\",\"url\":\"https:\\\/\\\/castellonconventionbureau.org\\\/fr\\\/\",\"logo\":{\"@type\":\"ImageObject\",\"inLanguage\":\"en-GB\",\"@id\":\"https:\\\/\\\/castellonconventionbureau.org\\\/fr\\\/#\\\/schema\\\/logo\\\/image\\\/\",\"url\":\"https:\\\/\\\/castellonconventionbureau.org\\\/wp-content\\\/uploads\\\/2024\\\/11\\\/logoCS_BUREAUcolor11-scaled.jpg\",\"contentUrl\":\"https:\\\/\\\/castellonconventionbureau.org\\\/wp-content\\\/uploads\\\/2024\\\/11\\\/logoCS_BUREAUcolor11-scaled.jpg\",\"width\":2560,\"height\":840,\"caption\":\"castellonconventionbureau.org\"},\"image\":{\"@id\":\"https:\\\/\\\/castellonconventionbureau.org\\\/fr\\\/#\\\/schema\\\/logo\\\/image\\\/\"},\"sameAs\":[\"https:\\\/\\\/www.facebook.com\\\/turismo.castellon\",\"https:\\\/\\\/www.instagram.com\\\/castellonturismo\\\/\",\"https:\\\/\\\/www.youtube.com\\\/user\\\/castellonturismo\"]}]}<\/script>\n<!-- \/ Yoast SEO plugin. -->","yoast_head_json":{"title":"Incentivos - castellonconventionbureau.org","robots":{"index":"index","follow":"follow","max-snippet":"max-snippet:-1","max-image-preview":"max-image-preview:large","max-video-preview":"max-video-preview:-1"},"canonical":"https:\/\/castellonconventionbureau.org\/en\/incentivos\/","og_locale":"en_GB","og_type":"article","og_title":"Incentivos - castellonconventionbureau.org","og_description":"Castell\u00f3n Convention Bureau (CCB) Vive experiencias transformadoras que impulsan la motivaci\u00f3n, la cohesi\u00f3n y el bienestar. https:\/\/castellonconventionbureau.org\/wp-content\/uploads\/2025\/05\/experiencias-Turismo-Castellon-2020-Experiencias-OK.mp4 nuestra recomendacion ccb Aventura en las playas Con tres playas de aguas limpias, excelentes servicios y muy cerca de la ciudad, ofrece un entorno ideal para disfrutar casi todo el a\u00f1o de deportes como kitesurf, windsurf, vela, surf [&hellip;]","og_url":"https:\/\/castellonconventionbureau.org\/en\/incentivos\/","og_site_name":"castellonconventionbureau.org","article_publisher":"https:\/\/www.facebook.com\/turismo.castellon","article_modified_time":"2025-10-31T17:32:48+00:00","twitter_card":"summary_large_image","twitter_misc":{"Estimated reading time":"1 minute"},"schema":{"@context":"https:\/\/schema.org","@graph":[{"@type":"WebPage","@id":"https:\/\/castellonconventionbureau.org\/incentivos\/","url":"https:\/\/castellonconventionbureau.org\/incentivos\/","name":"Incentivos - castellonconventionbureau.org","isPartOf":{"@id":"https:\/\/castellonconventionbureau.org\/fr\/#website"},"datePublished":"2025-05-19T11:27:07+00:00","dateModified":"2025-10-31T17:32:48+00:00","breadcrumb":{"@id":"https:\/\/castellonconventionbureau.org\/incentivos\/#breadcrumb"},"inLanguage":"en-GB","potentialAction":[{"@type":"ReadAction","target":["https:\/\/castellonconventionbureau.org\/incentivos\/"]}]},{"@type":"BreadcrumbList","@id":"https:\/\/castellonconventionbureau.org\/incentivos\/#breadcrumb","itemListElement":[{"@type":"ListItem","position":1,"name":"Portada","item":"https:\/\/castellonconventionbureau.org\/"},{"@type":"ListItem","position":2,"name":"Incentivos"}]},{"@type":"WebSite","@id":"https:\/\/castellonconventionbureau.org\/fr\/#website","url":"https:\/\/castellonconventionbureau.org\/fr\/","name":"castellonconventionbureau.org","description":"Discover Castell\u00f3n de la Plana, the perfect destination for conventions and corporate events","publisher":{"@id":"https:\/\/castellonconventionbureau.org\/fr\/#organization"},"potentialAction":[{"@type":"SearchAction","target":{"@type":"EntryPoint","urlTemplate":"https:\/\/castellonconventionbureau.org\/fr\/?s={search_term_string}"},"query-input":{"@type":"PropertyValueSpecification","valueRequired":true,"valueName":"search_term_string"}}],"inLanguage":"en-GB"},{"@type":"Organization","@id":"https:\/\/castellonconventionbureau.org\/fr\/#organization","name":"castellonconventionbureau.org","url":"https:\/\/castellonconventionbureau.org\/fr\/","logo":{"@type":"ImageObject","inLanguage":"en-GB","@id":"https:\/\/castellonconventionbureau.org\/fr\/#\/schema\/logo\/image\/","url":"https:\/\/castellonconventionbureau.org\/wp-content\/uploads\/2024\/11\/logoCS_BUREAUcolor11-scaled.jpg","contentUrl":"https:\/\/castellonconventionbureau.org\/wp-content\/uploads\/2024\/11\/logoCS_BUREAUcolor11-scaled.jpg","width":2560,"height":840,"caption":"castellonconventionbureau.org"},"image":{"@id":"https:\/\/castellonconventionbureau.org\/fr\/#\/schema\/logo\/image\/"},"sameAs":["https:\/\/www.facebook.com\/turismo.castellon","https:\/\/www.instagram.com\/castellonturismo\/","https:\/\/www.youtube.com\/user\/castellonturismo"]}]}},"_links":{"self":[{"href":"https:\/\/castellonconventionbureau.org\/en\/wp-json\/wp\/v2\/pages\/3898","targetHints":{"allow":["GET"]}}],"collection":[{"href":"https:\/\/castellonconventionbureau.org\/en\/wp-json\/wp\/v2\/pages"}],"about":[{"href":"https:\/\/castellonconventionbureau.org\/en\/wp-json\/wp\/v2\/types\/page"}],"author":[{"embeddable":true,"href":"https:\/\/castellonconventionbureau.org\/en\/wp-json\/wp\/v2\/users\/1"}],"replies":[{"embeddable":true,"href":"https:\/\/castellonconventionbureau.org\/en\/wp-json\/wp\/v2\/comments?post=3898"}],"version-history":[{"count":0,"href":"https:\/\/castellonconventionbureau.org\/en\/wp-json\/wp\/v2\/pages\/3898\/revisions"}],"wp:attachment":[{"href":"https:\/\/castellonconventionbureau.org\/en\/wp-json\/wp\/v2\/media?parent=3898"}],"curies":[{"name":"wp","href":"https:\/\/api.w.org\/{rel}","templated":true}]}}