{"id":2896,"date":"2024-11-13T18:08:09","date_gmt":"2024-11-13T18:08:09","guid":{"rendered":"https:\/\/castellonconventionbureau.org\/?page_id=2896"},"modified":"2025-04-14T11:20:54","modified_gmt":"2025-04-14T11:20:54","slug":"descargas","status":"publish","type":"page","link":"https:\/\/castellonconventionbureau.org\/fr\/descargas\/","title":{"rendered":"T\u00e9l\u00e9chargements"},"content":{"rendered":"\t\t<div data-elementor-type=\"wp-page\" data-elementor-id=\"2896\" class=\"elementor elementor-2896\" data-elementor-post-type=\"page\">\n\t\t\t\t<div data-dce-background-image-url=\"https:\/\/castellonconventionbureau.org\/wp-content\/uploads\/2024\/10\/ESPAITEC-scaled.jpg\" class=\"elementor-element elementor-element-44b0402 e-flex e-con-boxed e-con e-parent\" data-id=\"44b0402\" data-element_type=\"container\" data-e-type=\"container\" data-settings=\"{&quot;background_background&quot;:&quot;classic&quot;}\">\n\t\t\t\t\t<div class=\"e-con-inner\">\n\t\t\t\t\t<\/div>\n\t\t\t\t<\/div>\n\t\t<div data-dce-background-color=\"#000000\" class=\"elementor-element elementor-element-8da00dc e-flex e-con-boxed e-con e-parent\" data-id=\"8da00dc\" data-element_type=\"container\" data-e-type=\"container\" data-settings=\"{&quot;background_background&quot;:&quot;classic&quot;}\">\n\t\t\t\t\t<div class=\"e-con-inner\">\n\t\t\t\t<div class=\"elementor-element elementor-element-785cd8a elementor-hidden-mobile animatetext-trigger-animation elementor-widget elementor-widget-dyncontel-animateText\" data-id=\"785cd8a\" data-element_type=\"widget\" data-e-type=\"widget\" data-settings=\"{&quot;words&quot;:[{&quot;text_word&quot;:&quot;Documentos Disponibles para Descargar&quot;,&quot;_id&quot;:&quot;f28c316&quot;,&quot;color_item&quot;:&quot;#FFFFFF&quot;,&quot;typography_item_typography&quot;:&quot;custom&quot;,&quot;typography_item_font_family&quot;:&quot;Exo 2&quot;,&quot;typography_item_font_size&quot;:{&quot;unit&quot;:&quot;px&quot;,&quot;size&quot;:71,&quot;sizes&quot;:[]},&quot;typography_item_text_transform&quot;:&quot;uppercase&quot;,&quot;typography_item_letter_spacing&quot;:{&quot;unit&quot;:&quot;px&quot;,&quot;size&quot;:1,&quot;sizes&quot;:[]},&quot;typography_item_font_weight&quot;:&quot;&quot;,&quot;typography_item_font_style&quot;:&quot;&quot;,&quot;typography_item_text_decoration&quot;:&quot;&quot;,&quot;typography_item_line_height&quot;:{&quot;unit&quot;:&quot;px&quot;,&quot;size&quot;:&quot;&quot;,&quot;sizes&quot;:[]},&quot;typography_item_word_spacing&quot;:{&quot;unit&quot;:&quot;px&quot;,&quot;size&quot;:&quot;&quot;,&quot;sizes&quot;:[]}}],&quot;animatetext_animationstyle_in&quot;:&quot;zoom_front&quot;,&quot;speed_animation_in&quot;:{&quot;unit&quot;:&quot;px&quot;,&quot;size&quot;:0.9,&quot;sizes&quot;:[]},&quot;amount_speed_in&quot;:{&quot;unit&quot;:&quot;px&quot;,&quot;size&quot;:25,&quot;sizes&quot;:[]},&quot;animatetext_animationstyle_out&quot;:&quot;zoom_front&quot;,&quot;speed_animation_out&quot;:{&quot;unit&quot;:&quot;px&quot;,&quot;size&quot;:2,&quot;sizes&quot;:[]},&quot;delay_animation_out&quot;:{&quot;unit&quot;:&quot;px&quot;,&quot;size&quot;:4.3,&quot;sizes&quot;:[]},&quot;animatetext_splittype&quot;:&quot;chars&quot;,&quot;animatetext_trigger&quot;:&quot;animation&quot;,&quot;animatetext_repeat&quot;:-1,&quot;animatetext_splitorigin_in&quot;:&quot;null&quot;,&quot;delay_animation_in&quot;:{&quot;unit&quot;:&quot;px&quot;,&quot;size&quot;:0,&quot;sizes&quot;:[]},&quot;animFrom_easing_in&quot;:&quot;easeInOut&quot;,&quot;animFrom_easing_ease_in&quot;:&quot;Power3&quot;,&quot;animatetext_splitorigin_out&quot;:&quot;null&quot;,&quot;amount_speed_out&quot;:{&quot;unit&quot;:&quot;px&quot;,&quot;size&quot;:1,&quot;sizes&quot;:[]},&quot;animFrom_easing_out&quot;:&quot;easeInOut&quot;,&quot;animFrom_easing_ease_out&quot;:&quot;Power3&quot;}\" data-widget_type=\"dyncontel-animateText.default\">\n\t\t\t\t<div class=\"elementor-widget-container\">\n\t\t\t\t\t<div class=\"dce-animated-text dce-animated-text-zoom_front\"><\/div><div style=\"display: none;\"><div class=\"dce-animated-text-item dce-animated-text-item-0 dce-animated-text-zoom_front\">Documentos Disponibles para Descargar<\/div><\/div>\t\t\t\t<\/div>\n\t\t\t\t<\/div>\n\t\t\t\t<div data-dce-title-color=\"#FFFFFF\" class=\"elementor-element elementor-element-3a81328 elementor-widget elementor-widget-heading\" data-id=\"3a81328\" data-element_type=\"widget\" data-e-type=\"widget\" data-settings=\"{&quot;enabled_reveal&quot;:&quot;yes&quot;,&quot;reveal_direction&quot;:&quot;lr&quot;,&quot;reveal_speed&quot;:{&quot;unit&quot;:&quot;px&quot;,&quot;size&quot;:10,&quot;sizes&quot;:[]},&quot;reveal_delay&quot;:{&quot;unit&quot;:&quot;px&quot;,&quot;size&quot;:4.2,&quot;sizes&quot;:[]},&quot;reveal_bgcolor&quot;:&quot;#F57B0A&quot;}\" data-widget_type=\"heading.default\">\n\t\t\t\t<div class=\"elementor-widget-container\">\n\t\t\t\t\t<div id=\"reveal-3a81328\" class=\"revealFx\"><h2 class=\"elementor-heading-title elementor-size-default\">En Castell\u00f3n Convention Bureau, hemos reunido una serie de recursos descargables para facilitar la planificaci\u00f3n y organizaci\u00f3n de eventos en nuestra ciudad<\/h2><\/div>\t\t\t\t<\/div>\n\t\t\t\t<\/div>\n\t\t\t\t\t<\/div>\n\t\t\t\t<\/div>\n\t\t<div data-dce-background-color=\"#000000\" class=\"elementor-element elementor-element-05fa465 e-flex e-con-boxed e-con e-parent\" data-id=\"05fa465\" data-element_type=\"container\" data-e-type=\"container\" data-settings=\"{&quot;background_background&quot;:&quot;classic&quot;}\">\n\t\t\t\t\t<div class=\"e-con-inner\">\n\t\t<a data-dce-background-color=\"#EB740600\" class=\"elementor-element elementor-element-5894f78 e-con-full animated-slow e-flex e-con e-child\" data-id=\"5894f78\" data-element_type=\"container\" data-e-type=\"container\" data-settings=\"{&quot;background_background&quot;:&quot;classic&quot;,&quot;animation&quot;:&quot;none&quot;}\" href=\"https:\/\/castellonconventionbureau.org\/wp-content\/uploads\/2024\/10\/planospalau.pdf\" target=\"_blank\">\n\t\t\t\t<div data-dce-title-color=\"#FFFFFF\" class=\"elementor-element elementor-element-2c6e83b elementor-widget elementor-widget-heading\" data-id=\"2c6e83b\" data-element_type=\"widget\" data-e-type=\"widget\" data-settings=\"{&quot;enabled_reveal&quot;:&quot;yes&quot;,&quot;reveal_direction&quot;:&quot;lr&quot;,&quot;reveal_speed&quot;:{&quot;unit&quot;:&quot;px&quot;,&quot;size&quot;:15,&quot;sizes&quot;:[]},&quot;reveal_bgcolor&quot;:&quot;#000000&quot;,&quot;reveal_delay&quot;:{&quot;unit&quot;:&quot;s&quot;,&quot;size&quot;:0,&quot;sizes&quot;:[]}}\" data-widget_type=\"heading.default\">\n\t\t\t\t<div class=\"elementor-widget-container\">\n\t\t\t\t\t<div id=\"reveal-2c6e83b\" class=\"revealFx\"><h2 class=\"elementor-heading-title elementor-size-default\">PALAU DE LA FESTA<\/h2><\/div>\t\t\t\t<\/div>\n\t\t\t\t<\/div>\n\t\t\t\t<\/a>\n\t\t<a data-dce-background-color=\"#EB740600\" class=\"elementor-element elementor-element-b66cab5 e-con-full animated-slow e-flex e-con e-child\" data-id=\"b66cab5\" data-element_type=\"container\" data-e-type=\"container\" data-settings=\"{&quot;background_background&quot;:&quot;classic&quot;,&quot;animation&quot;:&quot;none&quot;}\" href=\"https:\/\/castellonconventionbureau.org\/wp-content\/uploads\/2024\/10\/Planospalacio.pdf\" target=\"_blank\">\n\t\t\t\t<div data-dce-title-color=\"#FFFFFF\" class=\"elementor-element elementor-element-e403618 elementor-widget elementor-widget-heading\" data-id=\"e403618\" data-element_type=\"widget\" data-e-type=\"widget\" data-settings=\"{&quot;enabled_reveal&quot;:&quot;yes&quot;,&quot;reveal_direction&quot;:&quot;lr&quot;,&quot;reveal_speed&quot;:{&quot;unit&quot;:&quot;px&quot;,&quot;size&quot;:15,&quot;sizes&quot;:[]},&quot;reveal_bgcolor&quot;:&quot;#000000&quot;,&quot;reveal_delay&quot;:{&quot;unit&quot;:&quot;s&quot;,&quot;size&quot;:0,&quot;sizes&quot;:[]}}\" data-widget_type=\"heading.default\">\n\t\t\t\t<div class=\"elementor-widget-container\">\n\t\t\t\t\t<div id=\"reveal-e403618\" class=\"revealFx\"><h2 class=\"elementor-heading-title elementor-size-default\">PALACIO DE CONGRESOS <\/h2><\/div>\t\t\t\t<\/div>\n\t\t\t\t<\/div>\n\t\t\t\t<\/a>\n\t\t<a data-dce-background-color=\"#EB740600\" class=\"elementor-element elementor-element-9cef62d e-con-full animated-slow e-flex e-con e-child\" data-id=\"9cef62d\" data-element_type=\"container\" data-e-type=\"container\" data-settings=\"{&quot;background_background&quot;:&quot;classic&quot;,&quot;animation&quot;:&quot;none&quot;}\" href=\"https:\/\/castellonconventionbureau.org\/wp-content\/uploads\/2024\/11\/AAFF_triptico_castellon-turismo_TR-1.pdf\" target=\"_blank\">\n\t\t\t\t<div data-dce-title-color=\"#FFFFFF\" class=\"elementor-element elementor-element-5ea6f17 elementor-widget elementor-widget-heading\" data-id=\"5ea6f17\" data-element_type=\"widget\" data-e-type=\"widget\" data-settings=\"{&quot;enabled_reveal&quot;:&quot;yes&quot;,&quot;reveal_direction&quot;:&quot;lr&quot;,&quot;reveal_speed&quot;:{&quot;unit&quot;:&quot;px&quot;,&quot;size&quot;:15,&quot;sizes&quot;:[]},&quot;reveal_bgcolor&quot;:&quot;#000000&quot;,&quot;reveal_delay&quot;:{&quot;unit&quot;:&quot;s&quot;,&quot;size&quot;:0,&quot;sizes&quot;:[]}}\" data-widget_type=\"heading.default\">\n\t\t\t\t<div class=\"elementor-widget-container\">\n\t\t\t\t\t<div id=\"reveal-5ea6f17\" class=\"revealFx\"><h2 class=\"elementor-heading-title elementor-size-default\">MEETINGS &amp; BUSSINESS TOURISM<\/h2><\/div>\t\t\t\t<\/div>\n\t\t\t\t<\/div>\n\t\t\t\t<\/a>\n\t\t\t\t\t<\/div>\n\t\t\t\t<\/div>\n\t\t<div data-dce-background-color=\"#000000\" class=\"elementor-element elementor-element-fe4e79d e-flex e-con-boxed e-con e-parent\" data-id=\"fe4e79d\" data-element_type=\"container\" data-e-type=\"container\" data-settings=\"{&quot;background_background&quot;:&quot;classic&quot;}\">\n\t\t\t\t\t<div class=\"e-con-inner\">\n\t\t<a data-dce-background-color=\"#EB740600\" class=\"elementor-element elementor-element-b62883c e-con-full animated-slow e-flex e-con e-child\" data-id=\"b62883c\" data-element_type=\"container\" data-e-type=\"container\" data-settings=\"{&quot;background_background&quot;:&quot;classic&quot;,&quot;animation&quot;:&quot;none&quot;}\" href=\"https:\/\/castellonconventionbureau.org\/wp-content\/uploads\/2024\/11\/plano_Castello_2020.pdf\" target=\"_blank\">\n\t\t\t\t<div data-dce-title-color=\"#FFFFFF\" class=\"elementor-element elementor-element-ab07db4 elementor-widget elementor-widget-heading\" data-id=\"ab07db4\" data-element_type=\"widget\" data-e-type=\"widget\" data-settings=\"{&quot;enabled_reveal&quot;:&quot;yes&quot;,&quot;reveal_direction&quot;:&quot;lr&quot;,&quot;reveal_speed&quot;:{&quot;unit&quot;:&quot;px&quot;,&quot;size&quot;:15,&quot;sizes&quot;:[]},&quot;reveal_bgcolor&quot;:&quot;#000000&quot;,&quot;reveal_delay&quot;:{&quot;unit&quot;:&quot;s&quot;,&quot;size&quot;:0,&quot;sizes&quot;:[]}}\" data-widget_type=\"heading.default\">\n\t\t\t\t<div class=\"elementor-widget-container\">\n\t\t\t\t\t<div id=\"reveal-ab07db4\" class=\"revealFx\"><h2 class=\"elementor-heading-title elementor-size-default\">PLANO GUIA CASTELL\u00d3N<\/h2><\/div>\t\t\t\t<\/div>\n\t\t\t\t<\/div>\n\t\t\t\t<\/a>\n\t\t<a data-dce-background-color=\"#EB740600\" class=\"elementor-element elementor-element-e4b48ff e-con-full animated-slow e-flex e-con e-child\" data-id=\"e4b48ff\" data-element_type=\"container\" data-e-type=\"container\" data-settings=\"{&quot;background_background&quot;:&quot;classic&quot;,&quot;animation&quot;:&quot;none&quot;}\" href=\"https:\/\/castellonconventionbureau.org\/wp-content\/uploads\/2024\/11\/Castellon-Mirada-Mediterranea.pdf\" target=\"_blank\">\n\t\t\t\t<div data-dce-title-color=\"#FFFFFF\" class=\"elementor-element elementor-element-d7a3cd2 elementor-widget elementor-widget-heading\" data-id=\"d7a3cd2\" data-element_type=\"widget\" data-e-type=\"widget\" data-settings=\"{&quot;enabled_reveal&quot;:&quot;yes&quot;,&quot;reveal_direction&quot;:&quot;lr&quot;,&quot;reveal_speed&quot;:{&quot;unit&quot;:&quot;px&quot;,&quot;size&quot;:15,&quot;sizes&quot;:[]},&quot;reveal_bgcolor&quot;:&quot;#000000&quot;,&quot;reveal_delay&quot;:{&quot;unit&quot;:&quot;s&quot;,&quot;size&quot;:0,&quot;sizes&quot;:[]}}\" data-widget_type=\"heading.default\">\n\t\t\t\t<div class=\"elementor-widget-container\">\n\t\t\t\t\t<div id=\"reveal-d7a3cd2\" class=\"revealFx\"><h2 class=\"elementor-heading-title elementor-size-default\">GUIA DE CASTELL\u00d3N<\/h2><\/div>\t\t\t\t<\/div>\n\t\t\t\t<\/div>\n\t\t\t\t<\/a>\n\t\t<a data-dce-background-color=\"#EB740600\" class=\"elementor-element elementor-element-78ac732 e-con-full animated-slow e-flex e-con e-child\" data-id=\"78ac732\" data-element_type=\"container\" data-e-type=\"container\" data-settings=\"{&quot;background_background&quot;:&quot;classic&quot;,&quot;animation&quot;:&quot;none&quot;}\" href=\"https:\/\/castellonconventionbureau.org\/wp-content\/uploads\/2025\/03\/Guia-CASTELLON-2025.pdf\" target=\"_blank\">\n\t\t\t\t<div data-dce-title-color=\"#FFFFFF\" class=\"elementor-element elementor-element-72b9f7b elementor-widget elementor-widget-heading\" data-id=\"72b9f7b\" data-element_type=\"widget\" data-e-type=\"widget\" data-settings=\"{&quot;enabled_reveal&quot;:&quot;yes&quot;,&quot;reveal_direction&quot;:&quot;lr&quot;,&quot;reveal_speed&quot;:{&quot;unit&quot;:&quot;px&quot;,&quot;size&quot;:15,&quot;sizes&quot;:[]},&quot;reveal_bgcolor&quot;:&quot;#000000&quot;,&quot;reveal_delay&quot;:{&quot;unit&quot;:&quot;s&quot;,&quot;size&quot;:0,&quot;sizes&quot;:[]}}\" data-widget_type=\"heading.default\">\n\t\t\t\t<div class=\"elementor-widget-container\">\n\t\t\t\t\t<div id=\"reveal-72b9f7b\" class=\"revealFx\"><h2 class=\"elementor-heading-title elementor-size-default\">GUIA ECA 2025<\/h2><\/div>\t\t\t\t<\/div>\n\t\t\t\t<\/div>\n\t\t\t\t<\/a>\n\t\t\t\t\t<\/div>\n\t\t\t\t<\/div>\n\t\t<div data-dce-background-color=\"#000000\" class=\"elementor-element elementor-element-0a0d6c4 e-flex e-con-boxed e-con e-parent\" data-id=\"0a0d6c4\" data-element_type=\"container\" data-e-type=\"container\" data-settings=\"{&quot;background_background&quot;:&quot;classic&quot;}\">\n\t\t\t\t\t<div class=\"e-con-inner\">\n\t\t\t\t\t<\/div>\n\t\t\t\t<\/div>\n\t\t<div class=\"elementor-element elementor-element-ec3b626 e-flex e-con-boxed e-con e-parent\" data-id=\"ec3b626\" data-element_type=\"container\" data-e-type=\"container\">\n\t\t\t\t\t<div class=\"e-con-inner\">\n\t\t\t\t\t<\/div>\n\t\t\t\t<\/div>\n\t\t\t\t<\/div>\n\t\t","protected":false},"excerpt":{"rendered":"<p>Documents disponibles au t\u00e9l\u00e9chargement Au Castell\u00f3n Convention Bureau, nous avons compil\u00e9 une s\u00e9rie de ressources t\u00e9l\u00e9chargeables pour faciliter la planification et l&#039;organisation d&#039;\u00e9v\u00e9nements dans notre ville PALAU DE LA FESTA PALAIS DES CONGR\u00c8S R\u00c9UNIONS ET TOURISME D&#039;AFFAIRES GUIDE DE CASTELL\u00d3N PLAN GUIDE DE CASTELL\u00d3N GUIDE ECA 2025<\/p>","protected":false},"author":1,"featured_media":0,"parent":0,"menu_order":0,"comment_status":"closed","ping_status":"closed","template":"elementor_theme","meta":{"_acf_changed":false,"footnotes":""},"class_list":["post-2896","page","type-page","status-publish","hentry"],"acf":[],"yoast_head":"<!-- This site is optimized with the Yoast SEO plugin v27.3 - https:\/\/yoast.com\/product\/yoast-seo-wordpress\/ -->\n<title>Descargas - castellonconventionbureau.org<\/title>\n<meta name=\"robots\" content=\"index, follow, max-snippet:-1, max-image-preview:large, max-video-preview:-1\" \/>\n<link rel=\"canonical\" href=\"https:\/\/castellonconventionbureau.org\/fr\/descargas\/\" \/>\n<meta property=\"og:locale\" content=\"fr_FR\" \/>\n<meta property=\"og:type\" content=\"article\" \/>\n<meta property=\"og:title\" content=\"Descargas - castellonconventionbureau.org\" \/>\n<meta property=\"og:description\" content=\"Documentos Disponibles para Descargar En Castell\u00f3n Convention Bureau, hemos reunido una serie de recursos descargables para facilitar la planificaci\u00f3n y organizaci\u00f3n de eventos en nuestra ciudad PALAU DE LA FESTA PALACIO DE CONGRESOS MEETINGS &#038; BUSSINESS TOURISM PLANO GUIA CASTELL\u00d3N GUIA DE CASTELL\u00d3N GUIA ECA 2025\" \/>\n<meta property=\"og:url\" content=\"https:\/\/castellonconventionbureau.org\/fr\/descargas\/\" \/>\n<meta property=\"og:site_name\" content=\"castellonconventionbureau.org\" \/>\n<meta property=\"article:publisher\" content=\"https:\/\/www.facebook.com\/turismo.castellon\" \/>\n<meta property=\"article:modified_time\" content=\"2025-04-14T11:20:54+00:00\" \/>\n<meta name=\"twitter:card\" content=\"summary_large_image\" \/>\n<meta name=\"twitter:label1\" content=\"Dur\u00e9e de lecture estim\u00e9e\" \/>\n\t<meta name=\"twitter:data1\" content=\"1 minute\" \/>\n<script type=\"application\/ld+json\" class=\"yoast-schema-graph\">{\"@context\":\"https:\\\/\\\/schema.org\",\"@graph\":[{\"@type\":\"WebPage\",\"@id\":\"https:\\\/\\\/castellonconventionbureau.org\\\/descargas\\\/\",\"url\":\"https:\\\/\\\/castellonconventionbureau.org\\\/descargas\\\/\",\"name\":\"Descargas - castellonconventionbureau.org\",\"isPartOf\":{\"@id\":\"https:\\\/\\\/castellonconventionbureau.org\\\/fr\\\/#website\"},\"datePublished\":\"2024-11-13T18:08:09+00:00\",\"dateModified\":\"2025-04-14T11:20:54+00:00\",\"breadcrumb\":{\"@id\":\"https:\\\/\\\/castellonconventionbureau.org\\\/descargas\\\/#breadcrumb\"},\"inLanguage\":\"fr-FR\",\"potentialAction\":[{\"@type\":\"ReadAction\",\"target\":[\"https:\\\/\\\/castellonconventionbureau.org\\\/descargas\\\/\"]}]},{\"@type\":\"BreadcrumbList\",\"@id\":\"https:\\\/\\\/castellonconventionbureau.org\\\/descargas\\\/#breadcrumb\",\"itemListElement\":[{\"@type\":\"ListItem\",\"position\":1,\"name\":\"Portada\",\"item\":\"https:\\\/\\\/castellonconventionbureau.org\\\/\"},{\"@type\":\"ListItem\",\"position\":2,\"name\":\"Descargas\"}]},{\"@type\":\"WebSite\",\"@id\":\"https:\\\/\\\/castellonconventionbureau.org\\\/fr\\\/#website\",\"url\":\"https:\\\/\\\/castellonconventionbureau.org\\\/fr\\\/\",\"name\":\"castellonconventionbureau.org\",\"description\":\"Descubre Castell\u00f3n de la Plana, el destino perfecto para convenciones y eventos corporativos\",\"publisher\":{\"@id\":\"https:\\\/\\\/castellonconventionbureau.org\\\/fr\\\/#organization\"},\"potentialAction\":[{\"@type\":\"SearchAction\",\"target\":{\"@type\":\"EntryPoint\",\"urlTemplate\":\"https:\\\/\\\/castellonconventionbureau.org\\\/fr\\\/?s={search_term_string}\"},\"query-input\":{\"@type\":\"PropertyValueSpecification\",\"valueRequired\":true,\"valueName\":\"search_term_string\"}}],\"inLanguage\":\"fr-FR\"},{\"@type\":\"Organization\",\"@id\":\"https:\\\/\\\/castellonconventionbureau.org\\\/fr\\\/#organization\",\"name\":\"castellonconventionbureau.org\",\"url\":\"https:\\\/\\\/castellonconventionbureau.org\\\/fr\\\/\",\"logo\":{\"@type\":\"ImageObject\",\"inLanguage\":\"fr-FR\",\"@id\":\"https:\\\/\\\/castellonconventionbureau.org\\\/fr\\\/#\\\/schema\\\/logo\\\/image\\\/\",\"url\":\"https:\\\/\\\/castellonconventionbureau.org\\\/wp-content\\\/uploads\\\/2024\\\/11\\\/logoCS_BUREAUcolor11-scaled.jpg\",\"contentUrl\":\"https:\\\/\\\/castellonconventionbureau.org\\\/wp-content\\\/uploads\\\/2024\\\/11\\\/logoCS_BUREAUcolor11-scaled.jpg\",\"width\":2560,\"height\":840,\"caption\":\"castellonconventionbureau.org\"},\"image\":{\"@id\":\"https:\\\/\\\/castellonconventionbureau.org\\\/fr\\\/#\\\/schema\\\/logo\\\/image\\\/\"},\"sameAs\":[\"https:\\\/\\\/www.facebook.com\\\/turismo.castellon\",\"https:\\\/\\\/www.instagram.com\\\/castellonturismo\\\/\",\"https:\\\/\\\/www.youtube.com\\\/user\\\/castellonturismo\"]}]}<\/script>\n<!-- \/ Yoast SEO plugin. -->","yoast_head_json":{"title":"T\u00e9l\u00e9chargements - castellonconventionbureau.org","robots":{"index":"index","follow":"follow","max-snippet":"max-snippet:-1","max-image-preview":"max-image-preview:large","max-video-preview":"max-video-preview:-1"},"canonical":"https:\/\/castellonconventionbureau.org\/fr\/descargas\/","og_locale":"fr_FR","og_type":"article","og_title":"Descargas - castellonconventionbureau.org","og_description":"Documentos Disponibles para Descargar En Castell\u00f3n Convention Bureau, hemos reunido una serie de recursos descargables para facilitar la planificaci\u00f3n y organizaci\u00f3n de eventos en nuestra ciudad PALAU DE LA FESTA PALACIO DE CONGRESOS MEETINGS &#038; BUSSINESS TOURISM PLANO GUIA CASTELL\u00d3N GUIA DE CASTELL\u00d3N GUIA ECA 2025","og_url":"https:\/\/castellonconventionbureau.org\/fr\/descargas\/","og_site_name":"castellonconventionbureau.org","article_publisher":"https:\/\/www.facebook.com\/turismo.castellon","article_modified_time":"2025-04-14T11:20:54+00:00","twitter_card":"summary_large_image","twitter_misc":{"Dur\u00e9e de lecture estim\u00e9e":"1 minute"},"schema":{"@context":"https:\/\/schema.org","@graph":[{"@type":"WebPage","@id":"https:\/\/castellonconventionbureau.org\/descargas\/","url":"https:\/\/castellonconventionbureau.org\/descargas\/","name":"T\u00e9l\u00e9chargements - castellonconventionbureau.org","isPartOf":{"@id":"https:\/\/castellonconventionbureau.org\/fr\/#website"},"datePublished":"2024-11-13T18:08:09+00:00","dateModified":"2025-04-14T11:20:54+00:00","breadcrumb":{"@id":"https:\/\/castellonconventionbureau.org\/descargas\/#breadcrumb"},"inLanguage":"fr-FR","potentialAction":[{"@type":"ReadAction","target":["https:\/\/castellonconventionbureau.org\/descargas\/"]}]},{"@type":"BreadcrumbList","@id":"https:\/\/castellonconventionbureau.org\/descargas\/#breadcrumb","itemListElement":[{"@type":"ListItem","position":1,"name":"Portada","item":"https:\/\/castellonconventionbureau.org\/"},{"@type":"ListItem","position":2,"name":"Descargas"}]},{"@type":"WebSite","@id":"https:\/\/castellonconventionbureau.org\/fr\/#website","url":"https:\/\/castellonconventionbureau.org\/fr\/","name":"castellonconventionbureau.org","description":"D\u00e9couvrez Castell\u00f3n de la Plana, la destination id\u00e9ale pour les congr\u00e8s et \u00e9v\u00e9nements d&#039;entreprise","publisher":{"@id":"https:\/\/castellonconventionbureau.org\/fr\/#organization"},"potentialAction":[{"@type":"SearchAction","target":{"@type":"EntryPoint","urlTemplate":"https:\/\/castellonconventionbureau.org\/fr\/?s={search_term_string}"},"query-input":{"@type":"PropertyValueSpecification","valueRequired":true,"valueName":"search_term_string"}}],"inLanguage":"fr-FR"},{"@type":"Organization","@id":"https:\/\/castellonconventionbureau.org\/fr\/#organization","name":"castellonconventionbureau.org","url":"https:\/\/castellonconventionbureau.org\/fr\/","logo":{"@type":"ImageObject","inLanguage":"fr-FR","@id":"https:\/\/castellonconventionbureau.org\/fr\/#\/schema\/logo\/image\/","url":"https:\/\/castellonconventionbureau.org\/wp-content\/uploads\/2024\/11\/logoCS_BUREAUcolor11-scaled.jpg","contentUrl":"https:\/\/castellonconventionbureau.org\/wp-content\/uploads\/2024\/11\/logoCS_BUREAUcolor11-scaled.jpg","width":2560,"height":840,"caption":"castellonconventionbureau.org"},"image":{"@id":"https:\/\/castellonconventionbureau.org\/fr\/#\/schema\/logo\/image\/"},"sameAs":["https:\/\/www.facebook.com\/turismo.castellon","https:\/\/www.instagram.com\/castellonturismo\/","https:\/\/www.youtube.com\/user\/castellonturismo"]}]}},"_links":{"self":[{"href":"https:\/\/castellonconventionbureau.org\/fr\/wp-json\/wp\/v2\/pages\/2896","targetHints":{"allow":["GET"]}}],"collection":[{"href":"https:\/\/castellonconventionbureau.org\/fr\/wp-json\/wp\/v2\/pages"}],"about":[{"href":"https:\/\/castellonconventionbureau.org\/fr\/wp-json\/wp\/v2\/types\/page"}],"author":[{"embeddable":true,"href":"https:\/\/castellonconventionbureau.org\/fr\/wp-json\/wp\/v2\/users\/1"}],"replies":[{"embeddable":true,"href":"https:\/\/castellonconventionbureau.org\/fr\/wp-json\/wp\/v2\/comments?post=2896"}],"version-history":[{"count":0,"href":"https:\/\/castellonconventionbureau.org\/fr\/wp-json\/wp\/v2\/pages\/2896\/revisions"}],"wp:attachment":[{"href":"https:\/\/castellonconventionbureau.org\/fr\/wp-json\/wp\/v2\/media?parent=2896"}],"curies":[{"name":"wp","href":"https:\/\/api.w.org\/{rel}","templated":true}]}}