{"id":3399,"date":"2024-11-21T16:50:32","date_gmt":"2024-11-21T16:50:32","guid":{"rendered":"https:\/\/castellonconventionbureau.org\/?page_id=3399"},"modified":"2025-10-12T16:58:20","modified_gmt":"2025-10-12T16:58:20","slug":"tours","status":"publish","type":"page","link":"https:\/\/castellonconventionbureau.org\/fr\/tours\/","title":{"rendered":"Visites"},"content":{"rendered":"\t\t<div data-elementor-type=\"wp-page\" data-elementor-id=\"3399\" class=\"elementor elementor-3399\" data-elementor-post-type=\"page\">\n\t\t\t\t<div class=\"elementor-element elementor-element-37c0d22 e-flex e-con-boxed e-con e-parent\" data-id=\"37c0d22\" data-element_type=\"container\" data-e-type=\"container\" data-settings=\"{&quot;background_background&quot;:&quot;video&quot;,&quot;background_video_link&quot;:&quot;https:\\\/\\\/castellonconventionbureau.org\\\/wp-content\\\/uploads\\\/2024\\\/11\\\/240731_Palau_Auditorio_720p-HD_VBR2_Maxprof.mp4&quot;,&quot;background_play_on_mobile&quot;:&quot;yes&quot;}\">\n\t\t\t\t\t<div class=\"e-con-inner\">\n\t\t<div class=\"elementor-background-video-container\">\n\t\t\t\t\t\t\t<video class=\"elementor-background-video-hosted\" role=\"presentation\" autoplay muted playsinline loop><\/video>\n\t\t\t\t\t<\/div>\t\t\t<\/div>\n\t\t\t\t<\/div>\n\t\t<div data-dce-background-color=\"#000000\" class=\"elementor-element elementor-element-8da00dc e-flex e-con-boxed e-con e-parent\" data-id=\"8da00dc\" data-element_type=\"container\" data-e-type=\"container\" data-settings=\"{&quot;background_background&quot;:&quot;classic&quot;}\">\n\t\t\t\t\t<div class=\"e-con-inner\">\n\t\t\t\t<div class=\"elementor-element elementor-element-785cd8a elementor-hidden-mobile animatetext-trigger-animation elementor-widget elementor-widget-dyncontel-animateText\" data-id=\"785cd8a\" data-element_type=\"widget\" data-e-type=\"widget\" data-settings=\"{&quot;words&quot;:[{&quot;text_word&quot;:&quot;Explora los espacios del Castell\\u00f3n Convention Bureau&quot;,&quot;_id&quot;:&quot;f28c316&quot;,&quot;color_item&quot;:&quot;#FFFFFF&quot;,&quot;typography_item_typography&quot;:&quot;custom&quot;,&quot;typography_item_font_family&quot;:&quot;Exo 2&quot;,&quot;typography_item_font_size&quot;:{&quot;unit&quot;:&quot;px&quot;,&quot;size&quot;:71,&quot;sizes&quot;:[]},&quot;typography_item_text_transform&quot;:&quot;uppercase&quot;,&quot;typography_item_letter_spacing&quot;:{&quot;unit&quot;:&quot;px&quot;,&quot;size&quot;:1,&quot;sizes&quot;:[]},&quot;typography_item_font_weight&quot;:&quot;&quot;,&quot;typography_item_font_style&quot;:&quot;&quot;,&quot;typography_item_text_decoration&quot;:&quot;&quot;,&quot;typography_item_line_height&quot;:{&quot;unit&quot;:&quot;px&quot;,&quot;size&quot;:&quot;&quot;,&quot;sizes&quot;:[]},&quot;typography_item_word_spacing&quot;:{&quot;unit&quot;:&quot;px&quot;,&quot;size&quot;:&quot;&quot;,&quot;sizes&quot;:[]}}],&quot;animatetext_animationstyle_in&quot;:&quot;zoom_front&quot;,&quot;speed_animation_in&quot;:{&quot;unit&quot;:&quot;px&quot;,&quot;size&quot;:0.9,&quot;sizes&quot;:[]},&quot;amount_speed_in&quot;:{&quot;unit&quot;:&quot;px&quot;,&quot;size&quot;:25,&quot;sizes&quot;:[]},&quot;animatetext_animationstyle_out&quot;:&quot;zoom_front&quot;,&quot;speed_animation_out&quot;:{&quot;unit&quot;:&quot;px&quot;,&quot;size&quot;:2,&quot;sizes&quot;:[]},&quot;delay_animation_out&quot;:{&quot;unit&quot;:&quot;px&quot;,&quot;size&quot;:4.3,&quot;sizes&quot;:[]},&quot;animatetext_splittype&quot;:&quot;chars&quot;,&quot;animatetext_trigger&quot;:&quot;animation&quot;,&quot;animatetext_repeat&quot;:-1,&quot;animatetext_splitorigin_in&quot;:&quot;null&quot;,&quot;delay_animation_in&quot;:{&quot;unit&quot;:&quot;px&quot;,&quot;size&quot;:0,&quot;sizes&quot;:[]},&quot;animFrom_easing_in&quot;:&quot;easeInOut&quot;,&quot;animFrom_easing_ease_in&quot;:&quot;Power3&quot;,&quot;animatetext_splitorigin_out&quot;:&quot;null&quot;,&quot;amount_speed_out&quot;:{&quot;unit&quot;:&quot;px&quot;,&quot;size&quot;:1,&quot;sizes&quot;:[]},&quot;animFrom_easing_out&quot;:&quot;easeInOut&quot;,&quot;animFrom_easing_ease_out&quot;:&quot;Power3&quot;}\" data-widget_type=\"dyncontel-animateText.default\">\n\t\t\t\t<div class=\"elementor-widget-container\">\n\t\t\t\t\t<div class=\"dce-animated-text dce-animated-text-zoom_front\"><\/div><div style=\"display: none;\"><div class=\"dce-animated-text-item dce-animated-text-item-0 dce-animated-text-zoom_front\">Explora los espacios del Castell\u00f3n Convention Bureau<\/div><\/div>\t\t\t\t<\/div>\n\t\t\t\t<\/div>\n\t\t\t\t<div data-dce-title-color=\"#FFFFFF\" class=\"elementor-element elementor-element-3a81328 elementor-widget elementor-widget-heading\" data-id=\"3a81328\" data-element_type=\"widget\" data-e-type=\"widget\" data-settings=\"{&quot;enabled_reveal&quot;:&quot;yes&quot;,&quot;reveal_direction&quot;:&quot;lr&quot;,&quot;reveal_speed&quot;:{&quot;unit&quot;:&quot;px&quot;,&quot;size&quot;:10,&quot;sizes&quot;:[]},&quot;reveal_delay&quot;:{&quot;unit&quot;:&quot;px&quot;,&quot;size&quot;:4.2,&quot;sizes&quot;:[]},&quot;reveal_bgcolor&quot;:&quot;#F57B0A&quot;}\" data-widget_type=\"heading.default\">\n\t\t\t\t<div class=\"elementor-widget-container\">\n\t\t\t\t\t<div id=\"reveal-3a81328\" class=\"revealFx\"><h2 class=\"elementor-heading-title elementor-size-default\">con nuestros tours virtuales.Descubre instalaciones modernas y adaptadas para cualquier tipo de evento, todo desde la comodidad de tu pantalla.<\/h2><\/div>\t\t\t\t<\/div>\n\t\t\t\t<\/div>\n\t\t\t\t\t<\/div>\n\t\t\t\t<\/div>\n\t\t<div data-dce-background-color=\"#000000\" class=\"elementor-element elementor-element-b3bde14 e-flex e-con-boxed e-con e-parent\" data-id=\"b3bde14\" data-element_type=\"container\" data-e-type=\"container\" data-settings=\"{&quot;background_background&quot;:&quot;classic&quot;}\">\n\t\t\t\t\t<div class=\"e-con-inner\">\n\t\t<div class=\"elementor-element elementor-element-19f56cb e-con-full e-flex e-con e-child\" data-id=\"19f56cb\" data-element_type=\"container\" data-e-type=\"container\">\n\t\t<div class=\"elementor-element elementor-element-f74b8ea e-con-full e-flex e-con e-child\" data-id=\"f74b8ea\" data-element_type=\"container\" data-e-type=\"container\" data-settings=\"{&quot;animation&quot;:&quot;none&quot;}\">\n\t\t<div data-dce-background-color=\"#EB740600\" class=\"elementor-element elementor-element-3924b8b e-con-full animated-slow e-flex elementor-invisible e-con e-child\" data-id=\"3924b8b\" data-element_type=\"container\" data-e-type=\"container\" data-settings=\"{&quot;background_background&quot;:&quot;classic&quot;,&quot;animation&quot;:&quot;fadeInLeft&quot;}\">\n\t\t<div data-dce-background-image-url=\"https:\/\/castellonconventionbureau.org\/wp-content\/uploads\/2024\/10\/auditorio_castellon.webp\" class=\"elementor-element elementor-element-3a400b1 e-con-full e-flex e-con e-child\" data-id=\"3a400b1\" data-element_type=\"container\" data-e-type=\"container\" data-settings=\"{&quot;background_background&quot;:&quot;classic&quot;}\">\n\t\t\t\t<\/div>\n\t\t\t\t<div class=\"elementor-element elementor-element-7cb57f8 elementor-align-center elementor-widget elementor-widget-lottie\" data-id=\"7cb57f8\" data-element_type=\"widget\" data-e-type=\"widget\" data-settings=\"{&quot;source_json&quot;:{&quot;url&quot;:&quot;https:\\\/\\\/castellonconventionbureau.org\\\/wp-content\\\/uploads\\\/2024\\\/10\\\/Animation-1729869108438.json&quot;,&quot;id&quot;:1022,&quot;size&quot;:&quot;&quot;,&quot;alt&quot;:&quot;&quot;,&quot;source&quot;:&quot;library&quot;},&quot;loop&quot;:&quot;yes&quot;,&quot;play_speed&quot;:{&quot;unit&quot;:&quot;px&quot;,&quot;size&quot;:0.5,&quot;sizes&quot;:[]},&quot;start_point&quot;:{&quot;unit&quot;:&quot;%&quot;,&quot;size&quot;:8,&quot;sizes&quot;:[]},&quot;link_to&quot;:&quot;custom&quot;,&quot;custom_link&quot;:{&quot;url&quot;:&quot;https:\\\/\\\/castellonconventionbureau.org\\\/tour-virtual-Palacio-de-congresos-de-castellon&quot;,&quot;is_external&quot;:&quot;on&quot;,&quot;nofollow&quot;:&quot;&quot;,&quot;custom_attributes&quot;:&quot;&quot;},&quot;source&quot;:&quot;media_file&quot;,&quot;caption_source&quot;:&quot;none&quot;,&quot;trigger&quot;:&quot;arriving_to_viewport&quot;,&quot;viewport&quot;:{&quot;unit&quot;:&quot;%&quot;,&quot;size&quot;:&quot;&quot;,&quot;sizes&quot;:{&quot;start&quot;:0,&quot;end&quot;:100}},&quot;end_point&quot;:{&quot;unit&quot;:&quot;%&quot;,&quot;size&quot;:100,&quot;sizes&quot;:[]},&quot;renderer&quot;:&quot;svg&quot;}\" data-widget_type=\"lottie.default\">\n\t\t\t\t<div class=\"elementor-widget-container\">\n\t\t\t\t\t<a class=\"e-lottie__container__link\" href=\"https:\/\/castellonconventionbureau.org\/tour-virtual-Palacio-de-congresos-de-castellon\" target=\"_blank\"><div class=\"e-lottie__container\"><div class=\"e-lottie__animation\"><\/div><\/div><\/a>\t\t\t\t<\/div>\n\t\t\t\t<\/div>\n\t\t\t\t<div data-dce-title-color=\"#FF6802\" class=\"elementor-element elementor-element-981b8fb elementor-position-inline-start elementor-view-default elementor-mobile-position-block-start elementor-widget elementor-widget-icon-box\" data-id=\"981b8fb\" data-element_type=\"widget\" data-e-type=\"widget\" data-widget_type=\"icon-box.default\">\n\t\t\t\t<div class=\"elementor-widget-container\">\n\t\t\t\t\t\t\t<div class=\"elementor-icon-box-wrapper\">\n\n\t\t\t\t\t\t<div class=\"elementor-icon-box-icon\">\n\t\t\t\t<a href=\"https:\/\/castellonconventionbureau.org\/tour-virtual-Palacio-de-congresos-de-castellon\" class=\"elementor-icon\" tabindex=\"-1\" aria-label=\"TOUR VIRTUAL\">\n\t\t\t\t<svg aria-hidden=\"true\" class=\"e-font-icon-svg e-fas-play\" viewBox=\"0 0 448 512\" xmlns=\"http:\/\/www.w3.org\/2000\/svg\"><path d=\"M424.4 214.7L72.4 6.6C43.8-10.3 0 6.1 0 47.9V464c0 37.5 40.7 60.1 72.4 41.3l352-208c31.4-18.5 31.5-64.1 0-82.6z\"><\/path><\/svg>\t\t\t\t<\/a>\n\t\t\t<\/div>\n\t\t\t\n\t\t\t\t\t\t<div class=\"elementor-icon-box-content\">\n\n\t\t\t\t\t\t\t\t\t<h3 class=\"elementor-icon-box-title\">\n\t\t\t\t\t\t<a href=\"https:\/\/castellonconventionbureau.org\/tour-virtual-Palacio-de-congresos-de-castellon\" >\n\t\t\t\t\t\t\tTOUR VIRTUAL\t\t\t\t\t\t<\/a>\n\t\t\t\t\t<\/h3>\n\t\t\t\t\n\t\t\t\t\n\t\t\t<\/div>\n\t\t\t\n\t\t<\/div>\n\t\t\t\t\t\t<\/div>\n\t\t\t\t<\/div>\n\t\t\t\t<\/div>\n\t\t<div data-dce-background-color=\"#EB740600\" class=\"elementor-element elementor-element-d3fb325 e-con-full animated-slow e-flex elementor-invisible e-con e-child\" data-id=\"d3fb325\" data-element_type=\"container\" data-e-type=\"container\" data-settings=\"{&quot;background_background&quot;:&quot;classic&quot;,&quot;animation&quot;:&quot;fadeInRight&quot;}\">\n\t\t<div data-dce-background-image-url=\"https:\/\/castellonconventionbureau.org\/wp-content\/uploads\/2024\/10\/palau-festa-castello-2.jpg\" class=\"elementor-element elementor-element-8deccd2 e-con-full e-flex e-con e-child\" data-id=\"8deccd2\" data-element_type=\"container\" data-e-type=\"container\" data-settings=\"{&quot;background_background&quot;:&quot;classic&quot;}\">\n\t\t\t\t<\/div>\n\t\t\t\t<div class=\"elementor-element elementor-element-f97e5e2 elementor-align-center elementor-widget elementor-widget-lottie\" data-id=\"f97e5e2\" data-element_type=\"widget\" data-e-type=\"widget\" data-settings=\"{&quot;source_json&quot;:{&quot;url&quot;:&quot;https:\\\/\\\/castellonconventionbureau.org\\\/wp-content\\\/uploads\\\/2024\\\/10\\\/Animation-1729869108438.json&quot;,&quot;id&quot;:1022,&quot;size&quot;:&quot;&quot;,&quot;alt&quot;:&quot;&quot;,&quot;source&quot;:&quot;library&quot;},&quot;loop&quot;:&quot;yes&quot;,&quot;play_speed&quot;:{&quot;unit&quot;:&quot;px&quot;,&quot;size&quot;:0.5,&quot;sizes&quot;:[]},&quot;start_point&quot;:{&quot;unit&quot;:&quot;%&quot;,&quot;size&quot;:8,&quot;sizes&quot;:[]},&quot;link_to&quot;:&quot;custom&quot;,&quot;custom_link&quot;:{&quot;url&quot;:&quot;https:\\\/\\\/castellonconventionbureau.org\\\/tour-virtual-palau-de-la-festa-castellon\\\/&quot;,&quot;is_external&quot;:&quot;on&quot;,&quot;nofollow&quot;:&quot;&quot;,&quot;custom_attributes&quot;:&quot;&quot;},&quot;source&quot;:&quot;media_file&quot;,&quot;caption_source&quot;:&quot;none&quot;,&quot;trigger&quot;:&quot;arriving_to_viewport&quot;,&quot;viewport&quot;:{&quot;unit&quot;:&quot;%&quot;,&quot;size&quot;:&quot;&quot;,&quot;sizes&quot;:{&quot;start&quot;:0,&quot;end&quot;:100}},&quot;end_point&quot;:{&quot;unit&quot;:&quot;%&quot;,&quot;size&quot;:100,&quot;sizes&quot;:[]},&quot;renderer&quot;:&quot;svg&quot;}\" data-widget_type=\"lottie.default\">\n\t\t\t\t<div class=\"elementor-widget-container\">\n\t\t\t\t\t<a class=\"e-lottie__container__link\" href=\"https:\/\/castellonconventionbureau.org\/tour-virtual-palau-de-la-festa-castellon\/\" target=\"_blank\"><div class=\"e-lottie__container\"><div class=\"e-lottie__animation\"><\/div><\/div><\/a>\t\t\t\t<\/div>\n\t\t\t\t<\/div>\n\t\t\t\t<div data-dce-title-color=\"#FF6802\" class=\"elementor-element elementor-element-5feda4e elementor-position-inline-start elementor-view-default elementor-mobile-position-block-start elementor-widget elementor-widget-icon-box\" data-id=\"5feda4e\" data-element_type=\"widget\" data-e-type=\"widget\" data-widget_type=\"icon-box.default\">\n\t\t\t\t<div class=\"elementor-widget-container\">\n\t\t\t\t\t\t\t<div class=\"elementor-icon-box-wrapper\">\n\n\t\t\t\t\t\t<div class=\"elementor-icon-box-icon\">\n\t\t\t\t<a href=\"https:\/\/castellonconventionbureau.org\/tour-virtual-palau-de-la-festa-castellon\/\" class=\"elementor-icon\" tabindex=\"-1\" aria-label=\"TOUR VIRTUAL\">\n\t\t\t\t<svg aria-hidden=\"true\" class=\"e-font-icon-svg e-fas-play\" viewBox=\"0 0 448 512\" xmlns=\"http:\/\/www.w3.org\/2000\/svg\"><path d=\"M424.4 214.7L72.4 6.6C43.8-10.3 0 6.1 0 47.9V464c0 37.5 40.7 60.1 72.4 41.3l352-208c31.4-18.5 31.5-64.1 0-82.6z\"><\/path><\/svg>\t\t\t\t<\/a>\n\t\t\t<\/div>\n\t\t\t\n\t\t\t\t\t\t<div class=\"elementor-icon-box-content\">\n\n\t\t\t\t\t\t\t\t\t<h3 class=\"elementor-icon-box-title\">\n\t\t\t\t\t\t<a href=\"https:\/\/castellonconventionbureau.org\/tour-virtual-palau-de-la-festa-castellon\/\" >\n\t\t\t\t\t\t\tTOUR VIRTUAL\t\t\t\t\t\t<\/a>\n\t\t\t\t\t<\/h3>\n\t\t\t\t\n\t\t\t\t\n\t\t\t<\/div>\n\t\t\t\n\t\t<\/div>\n\t\t\t\t\t\t<\/div>\n\t\t\t\t<\/div>\n\t\t\t\t<\/div>\n\t\t\t\t<\/div>\n\t\t\t\t<\/div>\n\t\t\t\t\t<\/div>\n\t\t\t\t<\/div>\n\t\t<div data-dce-background-color=\"#000000\" class=\"elementor-element elementor-element-e896d8b e-flex e-con-boxed e-con e-parent\" data-id=\"e896d8b\" data-element_type=\"container\" data-e-type=\"container\" data-settings=\"{&quot;background_background&quot;:&quot;classic&quot;}\">\n\t\t\t\t\t<div class=\"e-con-inner\">\n\t\t\t\t\t<\/div>\n\t\t\t\t<\/div>\n\t\t\t\t<\/div>\n\t\t","protected":false},"excerpt":{"rendered":"<p>Explorez le Castell\u00f3n Convention Bureau avec nos visites virtuelles. D\u00e9couvrez des installations modernes adapt\u00e9es \u00e0 tout type d&#039;\u00e9v\u00e9nement, le tout dans le confort de votre \u00e9cran. VISITE VIRTUELLE VISITE VIRTUELLE<\/p>","protected":false},"author":1,"featured_media":0,"parent":0,"menu_order":0,"comment_status":"closed","ping_status":"closed","template":"elementor_theme","meta":{"_acf_changed":false,"footnotes":""},"class_list":["post-3399","page","type-page","status-publish","hentry"],"acf":[],"yoast_head":"<!-- This site is optimized with the Yoast SEO plugin v27.5 - https:\/\/yoast.com\/product\/yoast-seo-wordpress\/ -->\n<title>Tours - castellonconventionbureau.org<\/title>\n<meta name=\"robots\" content=\"index, follow, max-snippet:-1, max-image-preview:large, max-video-preview:-1\" \/>\n<link rel=\"canonical\" href=\"https:\/\/castellonconventionbureau.org\/fr\/tours\/\" \/>\n<meta property=\"og:locale\" content=\"fr_FR\" \/>\n<meta property=\"og:type\" content=\"article\" \/>\n<meta property=\"og:title\" content=\"Tours - castellonconventionbureau.org\" \/>\n<meta property=\"og:description\" content=\"Explora los espacios del Castell\u00f3n Convention Bureau con nuestros tours virtuales.Descubre instalaciones modernas y adaptadas para cualquier tipo de evento, todo desde la comodidad de tu pantalla. TOUR VIRTUAL TOUR VIRTUAL\" \/>\n<meta property=\"og:url\" content=\"https:\/\/castellonconventionbureau.org\/fr\/tours\/\" \/>\n<meta property=\"og:site_name\" content=\"castellonconventionbureau.org\" \/>\n<meta property=\"article:publisher\" content=\"https:\/\/www.facebook.com\/turismo.castellon\" \/>\n<meta property=\"article:modified_time\" content=\"2025-10-12T16:58:20+00:00\" \/>\n<meta name=\"twitter:card\" content=\"summary_large_image\" \/>\n<script type=\"application\/ld+json\" class=\"yoast-schema-graph\">{\"@context\":\"https:\\\/\\\/schema.org\",\"@graph\":[{\"@type\":\"WebPage\",\"@id\":\"https:\\\/\\\/castellonconventionbureau.org\\\/tours\\\/\",\"url\":\"https:\\\/\\\/castellonconventionbureau.org\\\/tours\\\/\",\"name\":\"Tours - castellonconventionbureau.org\",\"isPartOf\":{\"@id\":\"https:\\\/\\\/castellonconventionbureau.org\\\/fr\\\/#website\"},\"datePublished\":\"2024-11-21T16:50:32+00:00\",\"dateModified\":\"2025-10-12T16:58:20+00:00\",\"breadcrumb\":{\"@id\":\"https:\\\/\\\/castellonconventionbureau.org\\\/tours\\\/#breadcrumb\"},\"inLanguage\":\"fr-FR\",\"potentialAction\":[{\"@type\":\"ReadAction\",\"target\":[\"https:\\\/\\\/castellonconventionbureau.org\\\/tours\\\/\"]}]},{\"@type\":\"BreadcrumbList\",\"@id\":\"https:\\\/\\\/castellonconventionbureau.org\\\/tours\\\/#breadcrumb\",\"itemListElement\":[{\"@type\":\"ListItem\",\"position\":1,\"name\":\"Portada\",\"item\":\"https:\\\/\\\/castellonconventionbureau.org\\\/\"},{\"@type\":\"ListItem\",\"position\":2,\"name\":\"Tours\"}]},{\"@type\":\"WebSite\",\"@id\":\"https:\\\/\\\/castellonconventionbureau.org\\\/fr\\\/#website\",\"url\":\"https:\\\/\\\/castellonconventionbureau.org\\\/fr\\\/\",\"name\":\"castellonconventionbureau.org\",\"description\":\"Descubre Castell\u00f3n de la Plana, el destino perfecto para convenciones y eventos corporativos\",\"publisher\":{\"@id\":\"https:\\\/\\\/castellonconventionbureau.org\\\/fr\\\/#organization\"},\"potentialAction\":[{\"@type\":\"SearchAction\",\"target\":{\"@type\":\"EntryPoint\",\"urlTemplate\":\"https:\\\/\\\/castellonconventionbureau.org\\\/fr\\\/?s={search_term_string}\"},\"query-input\":{\"@type\":\"PropertyValueSpecification\",\"valueRequired\":true,\"valueName\":\"search_term_string\"}}],\"inLanguage\":\"fr-FR\"},{\"@type\":\"Organization\",\"@id\":\"https:\\\/\\\/castellonconventionbureau.org\\\/fr\\\/#organization\",\"name\":\"castellonconventionbureau.org\",\"url\":\"https:\\\/\\\/castellonconventionbureau.org\\\/fr\\\/\",\"logo\":{\"@type\":\"ImageObject\",\"inLanguage\":\"fr-FR\",\"@id\":\"https:\\\/\\\/castellonconventionbureau.org\\\/fr\\\/#\\\/schema\\\/logo\\\/image\\\/\",\"url\":\"https:\\\/\\\/castellonconventionbureau.org\\\/wp-content\\\/uploads\\\/2024\\\/11\\\/logoCS_BUREAUcolor11-scaled.jpg\",\"contentUrl\":\"https:\\\/\\\/castellonconventionbureau.org\\\/wp-content\\\/uploads\\\/2024\\\/11\\\/logoCS_BUREAUcolor11-scaled.jpg\",\"width\":2560,\"height\":840,\"caption\":\"castellonconventionbureau.org\"},\"image\":{\"@id\":\"https:\\\/\\\/castellonconventionbureau.org\\\/fr\\\/#\\\/schema\\\/logo\\\/image\\\/\"},\"sameAs\":[\"https:\\\/\\\/www.facebook.com\\\/turismo.castellon\",\"https:\\\/\\\/www.instagram.com\\\/castellonturismo\\\/\",\"https:\\\/\\\/www.youtube.com\\\/user\\\/castellonturismo\"]}]}<\/script>\n<!-- \/ Yoast SEO plugin. -->","yoast_head_json":{"title":"Tours - castellonconventionbureau.org","robots":{"index":"index","follow":"follow","max-snippet":"max-snippet:-1","max-image-preview":"max-image-preview:large","max-video-preview":"max-video-preview:-1"},"canonical":"https:\/\/castellonconventionbureau.org\/fr\/tours\/","og_locale":"fr_FR","og_type":"article","og_title":"Tours - castellonconventionbureau.org","og_description":"Explora los espacios del Castell\u00f3n Convention Bureau con nuestros tours virtuales.Descubre instalaciones modernas y adaptadas para cualquier tipo de evento, todo desde la comodidad de tu pantalla. TOUR VIRTUAL TOUR VIRTUAL","og_url":"https:\/\/castellonconventionbureau.org\/fr\/tours\/","og_site_name":"castellonconventionbureau.org","article_publisher":"https:\/\/www.facebook.com\/turismo.castellon","article_modified_time":"2025-10-12T16:58:20+00:00","twitter_card":"summary_large_image","schema":{"@context":"https:\/\/schema.org","@graph":[{"@type":"WebPage","@id":"https:\/\/castellonconventionbureau.org\/tours\/","url":"https:\/\/castellonconventionbureau.org\/tours\/","name":"Tours - castellonconventionbureau.org","isPartOf":{"@id":"https:\/\/castellonconventionbureau.org\/fr\/#website"},"datePublished":"2024-11-21T16:50:32+00:00","dateModified":"2025-10-12T16:58:20+00:00","breadcrumb":{"@id":"https:\/\/castellonconventionbureau.org\/tours\/#breadcrumb"},"inLanguage":"fr-FR","potentialAction":[{"@type":"ReadAction","target":["https:\/\/castellonconventionbureau.org\/tours\/"]}]},{"@type":"BreadcrumbList","@id":"https:\/\/castellonconventionbureau.org\/tours\/#breadcrumb","itemListElement":[{"@type":"ListItem","position":1,"name":"Portada","item":"https:\/\/castellonconventionbureau.org\/"},{"@type":"ListItem","position":2,"name":"Tours"}]},{"@type":"WebSite","@id":"https:\/\/castellonconventionbureau.org\/fr\/#website","url":"https:\/\/castellonconventionbureau.org\/fr\/","name":"castellonconventionbureau.org","description":"D\u00e9couvrez Castell\u00f3n de la Plana, la destination id\u00e9ale pour les congr\u00e8s et \u00e9v\u00e9nements d&#039;entreprise","publisher":{"@id":"https:\/\/castellonconventionbureau.org\/fr\/#organization"},"potentialAction":[{"@type":"SearchAction","target":{"@type":"EntryPoint","urlTemplate":"https:\/\/castellonconventionbureau.org\/fr\/?s={search_term_string}"},"query-input":{"@type":"PropertyValueSpecification","valueRequired":true,"valueName":"search_term_string"}}],"inLanguage":"fr-FR"},{"@type":"Organization","@id":"https:\/\/castellonconventionbureau.org\/fr\/#organization","name":"castellonconventionbureau.org","url":"https:\/\/castellonconventionbureau.org\/fr\/","logo":{"@type":"ImageObject","inLanguage":"fr-FR","@id":"https:\/\/castellonconventionbureau.org\/fr\/#\/schema\/logo\/image\/","url":"https:\/\/castellonconventionbureau.org\/wp-content\/uploads\/2024\/11\/logoCS_BUREAUcolor11-scaled.jpg","contentUrl":"https:\/\/castellonconventionbureau.org\/wp-content\/uploads\/2024\/11\/logoCS_BUREAUcolor11-scaled.jpg","width":2560,"height":840,"caption":"castellonconventionbureau.org"},"image":{"@id":"https:\/\/castellonconventionbureau.org\/fr\/#\/schema\/logo\/image\/"},"sameAs":["https:\/\/www.facebook.com\/turismo.castellon","https:\/\/www.instagram.com\/castellonturismo\/","https:\/\/www.youtube.com\/user\/castellonturismo"]}]}},"_links":{"self":[{"href":"https:\/\/castellonconventionbureau.org\/fr\/wp-json\/wp\/v2\/pages\/3399","targetHints":{"allow":["GET"]}}],"collection":[{"href":"https:\/\/castellonconventionbureau.org\/fr\/wp-json\/wp\/v2\/pages"}],"about":[{"href":"https:\/\/castellonconventionbureau.org\/fr\/wp-json\/wp\/v2\/types\/page"}],"author":[{"embeddable":true,"href":"https:\/\/castellonconventionbureau.org\/fr\/wp-json\/wp\/v2\/users\/1"}],"replies":[{"embeddable":true,"href":"https:\/\/castellonconventionbureau.org\/fr\/wp-json\/wp\/v2\/comments?post=3399"}],"version-history":[{"count":0,"href":"https:\/\/castellonconventionbureau.org\/fr\/wp-json\/wp\/v2\/pages\/3399\/revisions"}],"wp:attachment":[{"href":"https:\/\/castellonconventionbureau.org\/fr\/wp-json\/wp\/v2\/media?parent=3399"}],"curies":[{"name":"wp","href":"https:\/\/api.w.org\/{rel}","templated":true}]}}